{"id":772,"date":"2025-08-16T12:35:30","date_gmt":"2025-08-16T10:35:30","guid":{"rendered":"https:\/\/berangere-musique.fr\/?page_id=772"},"modified":"2025-08-16T12:52:02","modified_gmt":"2025-08-16T10:52:02","slug":"les-ateliers-de-groupe","status":"publish","type":"page","link":"https:\/\/berangere-musique.fr\/index.php\/les-ateliers-de-groupe\/","title":{"rendered":"Les ateliers de groupe"},"content":{"rendered":"\t\t<div data-elementor-type=\"wp-page\" data-elementor-id=\"772\" class=\"elementor elementor-772\">\n\t\t\t\t<div class=\"elementor-element elementor-element-53033757 e-flex e-con-boxed e-con e-parent\" data-id=\"53033757\" data-element_type=\"container\">\n\t\t\t\t\t<div class=\"e-con-inner\">\n\t\t\t\t<div class=\"elementor-element elementor-element-4bcc49f8 elementor-widget elementor-widget-text-editor\" data-id=\"4bcc49f8\" data-element_type=\"widget\" data-widget_type=\"text-editor.default\">\n\t\t\t\t\t\t\t\t\t\n<ul class=\"wp-block-list\">\n<li class=\"has-black-color has-text-color has-link-color wp-elements-3e21a972839d0dc0e79cbdf8962a2ba7\"><span style=\"text-decoration: underline;\"><strong>Atelier musique du monde<\/strong><\/span>: nous choisirons un r\u00e9pertoire commun parmi des styles comme le\u00a0 forr\u00f3, le choro, musique orientale, musique m\u00e9dit\u00e9ran\u00e9enne de type Tarentelle, Fandango&#8230; Notion musicale abord\u00e9es: le rythme, l&rsquo;harmonie, l&rsquo;improvisation, la musicalit\u00e9 dans son ensemble afin que les \u00e9l\u00e8ves puissent jouer ensemble et se produire en fin d&rsquo;ann\u00e9e. Parmi les musique du monde nous pouvons s\u00e9lectionner des musiques \u00e0 danser (schottish, cercle circassien, rondeaux, valses&#8230;).<\/li>\n<\/ul>\n<p>\u00a0<\/p>\n<ul class=\"wp-block-list\">\n<li class=\"has-black-color has-text-color has-link-color wp-elements-d1adc845f114d7f59b241968fd18b01c\"><span style=\"text-decoration: underline;\"><strong>Atelier musique actuelle<\/strong><\/span>: le r\u00e9pertoire sera d\u00e9fini en lien avec les \u00e9l\u00e8ves il pourra \u00eatre de plusieurs styles: rock, jazz, funk, rap&#8230; Le travail sera d\u00e9fini en fonction des go\u00fbts et\u00a0 objectifs des \u00e9l\u00e8ves. Les notions abord\u00e9es : travail autour de l&rsquo;accompagnement l&rsquo;harmonie et le rythme, travail sur les arrangements et l&rsquo;improvisation.<\/li>\n<\/ul>\n<p>\u00a0<\/p>\n<ul class=\"wp-block-list\">\n<li class=\"has-black-color has-text-color has-link-color wp-elements-df1613e02c5d5c20397f69d288e7fa2d\"><span style=\"text-decoration: underline;\"><strong>La chorale<\/strong><\/span>: Travail de la polyphonie autour d&rsquo;un r\u00e9pertoire commun\u00a0 et dans lequel je pourrais accompagner les chants soit avec l&rsquo;accord\u00e9on, les percussions, le piano ou la guitare. Travail autour de la voix, la musicalit\u00e9, le rythme.<\/li>\n<\/ul>\n<p>\u00a0<\/p>\n<p>\u00a0<\/p>\n\n<p><span style=\"text-decoration: underline;\"><strong>Tarifs des ateliers<\/strong><\/span>:<\/p>\n<ul>\n<li>1h d&rsquo;atelier = 10 euros<\/li>\n<li>320 euros sur l&rsquo;ann\u00e9e scolaire avec des s\u00e9ances hebdomadaires.<\/li>\n<\/ul>\n<p>\u00a0<\/p>\n\t\t\t\t\t\t\t\t<\/div>\n\t\t\t\t\t<\/div>\n\t\t\t\t<\/div>\n\t\t\t\t<\/div>\n\t\t","protected":false},"excerpt":{"rendered":"<p>Tarifs des ateliers: 1h d&rsquo;atelier = 10 euros 320 euros sur l&rsquo;ann\u00e9e scolaire avec des s\u00e9ances hebdomadaires. \u00a0<\/p>\n","protected":false},"author":1,"featured_media":0,"parent":0,"menu_order":0,"comment_status":"closed","ping_status":"closed","template":"","meta":{"footnotes":""},"class_list":["post-772","page","type-page","status-publish","hentry"],"_links":{"self":[{"href":"https:\/\/berangere-musique.fr\/index.php\/wp-json\/wp\/v2\/pages\/772","targetHints":{"allow":["GET"]}}],"collection":[{"href":"https:\/\/berangere-musique.fr\/index.php\/wp-json\/wp\/v2\/pages"}],"about":[{"href":"https:\/\/berangere-musique.fr\/index.php\/wp-json\/wp\/v2\/types\/page"}],"author":[{"embeddable":true,"href":"https:\/\/berangere-musique.fr\/index.php\/wp-json\/wp\/v2\/users\/1"}],"replies":[{"embeddable":true,"href":"https:\/\/berangere-musique.fr\/index.php\/wp-json\/wp\/v2\/comments?post=772"}],"version-history":[{"count":6,"href":"https:\/\/berangere-musique.fr\/index.php\/wp-json\/wp\/v2\/pages\/772\/revisions"}],"predecessor-version":[{"id":781,"href":"https:\/\/berangere-musique.fr\/index.php\/wp-json\/wp\/v2\/pages\/772\/revisions\/781"}],"wp:attachment":[{"href":"https:\/\/berangere-musique.fr\/index.php\/wp-json\/wp\/v2\/media?parent=772"}],"curies":[{"name":"wp","href":"https:\/\/api.w.org\/{rel}","templated":true}]}}