{"id":521,"date":"2025-07-02T17:36:48","date_gmt":"2025-07-02T15:36:48","guid":{"rendered":"http:\/\/oqhyudr.cluster100.hosting.ovh.net\/?page_id=521"},"modified":"2025-07-02T17:37:58","modified_gmt":"2025-07-02T15:37:58","slug":"contacts","status":"publish","type":"page","link":"https:\/\/berangere-musique.fr\/index.php\/contacts\/","title":{"rendered":"Contacts"},"content":{"rendered":"\n<p class=\"has-black-color has-text-color has-link-color wp-elements-19859ffbc77a49533774ebde2db40403\"><strong>B\u00e9rang\u00e8re Daguz\u00e9 0649576397<\/strong><\/p>\n\n\n\n<p class=\"has-black-color has-text-color has-link-color wp-elements-8fdd2802fc0e799b35f34348af093751\"><strong>berangeremusique@gmail.com<\/strong><\/p>\n\n\n\n<p class=\"has-black-color has-text-color has-link-color wp-elements-9ac00cf961d1ea846fe5a532228b76c6\"><\/p>\n","protected":false},"excerpt":{"rendered":"<p>B\u00e9rang\u00e8re Daguz\u00e9 0649576397 berangeremusique@gmail.com<\/p>\n","protected":false},"author":1,"featured_media":0,"parent":0,"menu_order":0,"comment_status":"closed","ping_status":"closed","template":"","meta":{"footnotes":""},"class_list":["post-521","page","type-page","status-publish","hentry"],"_links":{"self":[{"href":"https:\/\/berangere-musique.fr\/index.php\/wp-json\/wp\/v2\/pages\/521","targetHints":{"allow":["GET"]}}],"collection":[{"href":"https:\/\/berangere-musique.fr\/index.php\/wp-json\/wp\/v2\/pages"}],"about":[{"href":"https:\/\/berangere-musique.fr\/index.php\/wp-json\/wp\/v2\/types\/page"}],"author":[{"embeddable":true,"href":"https:\/\/berangere-musique.fr\/index.php\/wp-json\/wp\/v2\/users\/1"}],"replies":[{"embeddable":true,"href":"https:\/\/berangere-musique.fr\/index.php\/wp-json\/wp\/v2\/comments?post=521"}],"version-history":[{"count":2,"href":"https:\/\/berangere-musique.fr\/index.php\/wp-json\/wp\/v2\/pages\/521\/revisions"}],"predecessor-version":[{"id":524,"href":"https:\/\/berangere-musique.fr\/index.php\/wp-json\/wp\/v2\/pages\/521\/revisions\/524"}],"wp:attachment":[{"href":"https:\/\/berangere-musique.fr\/index.php\/wp-json\/wp\/v2\/media?parent=521"}],"curies":[{"name":"wp","href":"https:\/\/api.w.org\/{rel}","templated":true}]}}