{"id":489,"date":"2025-06-25T10:02:15","date_gmt":"2025-06-25T08:02:15","guid":{"rendered":"http:\/\/oqhyudr.cluster100.hosting.ovh.net\/?page_id=489"},"modified":"2026-03-24T12:15:38","modified_gmt":"2026-03-24T11:15:38","slug":"duo-errance","status":"publish","type":"page","link":"https:\/\/berangere-musique.fr\/index.php\/prestations-musicales\/duo-errance\/","title":{"rendered":"Souffle nomade"},"content":{"rendered":"\t\t<div data-elementor-type=\"wp-page\" data-elementor-id=\"489\" class=\"elementor elementor-489\">\n\t\t\t\t<div class=\"elementor-element elementor-element-1e39c520 e-flex e-con-boxed e-con e-parent\" data-id=\"1e39c520\" data-element_type=\"container\">\n\t\t\t\t\t<div class=\"e-con-inner\">\n\t\t\t\t<div class=\"elementor-element elementor-element-5ab4065f elementor-widget elementor-widget-text-editor\" data-id=\"5ab4065f\" data-element_type=\"widget\" data-widget_type=\"text-editor.default\">\n\t\t\t\t\t\t\t\t\t<p style=\"text-align: center;\"><strong><\/strong><\/p>\n<h5 style=\"text-align: center;\"><strong>Un voyage musical \u00e0 travers les continents<\/strong><\/h5>\n\n<p>\u00a0<\/p>\n<p style=\"text-align: left;\"><span style=\"color: #000000;\">\u00a0B\u00e9rang\u00e8re vous embarquent pour un tour du monde sonore, port\u00e9 par le soufflet de son accord\u00e9on. Ce solo singulier m\u00eale la richesse des r\u00e9pertoires traditionnels \u00e0 des rythmes d\u2019ici et d\u2019ailleurs, cr\u00e9ant un dialogue entre les cultures et les \u00e9motions.<\/span><\/p>\n<p><span style=\"color: #000000;\"><\/span><\/p>\n<p style=\"text-align: left;\"><span style=\"color: #000000;\">De l\u2019Am\u00e9rique du Sud \u00e0 l\u2019Europe de l\u2019Est, de l\u2019Afrique aux confins de l\u2019Asie, chaque morceau est une escale, chaque son une invitation au d\u00e9paysement. Entre arrangements sensibles et \u00e9nergie communicative, souffle nomade propose un concert-voyage color\u00e9 et po\u00e9tique, accessible \u00e0 tous les publics.<\/span><\/p>\n<p>\u00a0<\/p>\n<h5><img decoding=\"async\" class=\"wp-image-800  aligncenter\" src=\"http:\/\/berangere-musique.fr\/wp-content\/uploads\/2026\/03\/DSC_0224-2-300x201.jpg\" alt=\"\" width=\"212\" height=\"142\" srcset=\"https:\/\/berangere-musique.fr\/wp-content\/uploads\/2026\/03\/DSC_0224-2-300x201.jpg 300w, https:\/\/berangere-musique.fr\/wp-content\/uploads\/2026\/03\/DSC_0224-2-1024x685.jpg 1024w, https:\/\/berangere-musique.fr\/wp-content\/uploads\/2026\/03\/DSC_0224-2-768x514.jpg 768w, https:\/\/berangere-musique.fr\/wp-content\/uploads\/2026\/03\/DSC_0224-2-1536x1028.jpg 1536w, https:\/\/berangere-musique.fr\/wp-content\/uploads\/2026\/03\/DSC_0224-2-2048x1371.jpg 2048w\" sizes=\"(max-width: 212px) 100vw, 212px\" \/><\/h5>\n\n<p style=\"text-align: center;\">\u00a0<\/p>\n<p><strong><\/strong><\/p>\t\t\t\t\t\t\t\t<\/div>\n\t\t\t\t\t<\/div>\n\t\t\t\t<\/div>\n\t\t\t\t<\/div>\n\t\t","protected":false},"excerpt":{"rendered":"<p>Un voyage musical \u00e0 travers les continents \u00a0 \u00a0B\u00e9rang\u00e8re vous embarquent pour un tour du monde sonore, port\u00e9 par le soufflet de son accord\u00e9on. Ce solo singulier m\u00eale la richesse des r\u00e9pertoires traditionnels \u00e0 des rythmes d\u2019ici et d\u2019ailleurs, cr\u00e9ant un dialogue entre les cultures et les \u00e9motions. De l\u2019Am\u00e9rique du Sud \u00e0 l\u2019Europe de [&hellip;]<\/p>\n","protected":false},"author":1,"featured_media":0,"parent":156,"menu_order":0,"comment_status":"closed","ping_status":"closed","template":"","meta":{"footnotes":""},"class_list":["post-489","page","type-page","status-publish","hentry"],"_links":{"self":[{"href":"https:\/\/berangere-musique.fr\/index.php\/wp-json\/wp\/v2\/pages\/489","targetHints":{"allow":["GET"]}}],"collection":[{"href":"https:\/\/berangere-musique.fr\/index.php\/wp-json\/wp\/v2\/pages"}],"about":[{"href":"https:\/\/berangere-musique.fr\/index.php\/wp-json\/wp\/v2\/types\/page"}],"author":[{"embeddable":true,"href":"https:\/\/berangere-musique.fr\/index.php\/wp-json\/wp\/v2\/users\/1"}],"replies":[{"embeddable":true,"href":"https:\/\/berangere-musique.fr\/index.php\/wp-json\/wp\/v2\/comments?post=489"}],"version-history":[{"count":15,"href":"https:\/\/berangere-musique.fr\/index.php\/wp-json\/wp\/v2\/pages\/489\/revisions"}],"predecessor-version":[{"id":817,"href":"https:\/\/berangere-musique.fr\/index.php\/wp-json\/wp\/v2\/pages\/489\/revisions\/817"}],"up":[{"embeddable":true,"href":"https:\/\/berangere-musique.fr\/index.php\/wp-json\/wp\/v2\/pages\/156"}],"wp:attachment":[{"href":"https:\/\/berangere-musique.fr\/index.php\/wp-json\/wp\/v2\/media?parent=489"}],"curies":[{"name":"wp","href":"https:\/\/api.w.org\/{rel}","templated":true}]}}