{"id":288,"date":"2025-06-13T22:11:39","date_gmt":"2025-06-13T20:11:39","guid":{"rendered":"http:\/\/oqhyudr.cluster100.hosting.ovh.net\/?page_id=288"},"modified":"2025-08-14T10:38:06","modified_gmt":"2025-08-14T08:38:06","slug":"presentations","status":"publish","type":"page","link":"https:\/\/berangere-musique.fr\/","title":{"rendered":""},"content":{"rendered":"\t\t<div data-elementor-type=\"wp-page\" data-elementor-id=\"288\" class=\"elementor elementor-288\">\n\t\t\t\t<div class=\"elementor-element elementor-element-312bfc29 e-con-full e-flex e-con e-parent\" data-id=\"312bfc29\" data-element_type=\"container\" data-settings=\"{&quot;background_background&quot;:&quot;classic&quot;}\">\n\t\t\t\t<div class=\"elementor-element elementor-element-e3c2ca4 elementor-widget__width-initial elementor-widget elementor-widget-image\" data-id=\"e3c2ca4\" data-element_type=\"widget\" data-widget_type=\"image.default\">\n\t\t\t\t\t\t\t\t\t\t\t\t\t\t\t<img fetchpriority=\"high\" decoding=\"async\" width=\"680\" height=\"453\" src=\"https:\/\/berangere-musique.fr\/wp-content\/uploads\/2025\/06\/photo-moi.jpg\" class=\"attachment-large size-large wp-image-340\" alt=\"\" srcset=\"https:\/\/berangere-musique.fr\/wp-content\/uploads\/2025\/06\/photo-moi.jpg 790w, https:\/\/berangere-musique.fr\/wp-content\/uploads\/2025\/06\/photo-moi-300x200.jpg 300w, https:\/\/berangere-musique.fr\/wp-content\/uploads\/2025\/06\/photo-moi-768x511.jpg 768w\" sizes=\"(max-width: 680px) 100vw, 680px\" \/>\t\t\t\t\t\t\t\t\t\t\t\t\t\t\t<\/div>\n\t\t\t\t<div class=\"elementor-element elementor-element-6fb31584 elementor-widget elementor-widget-text-editor\" data-id=\"6fb31584\" data-element_type=\"widget\" data-widget_type=\"text-editor.default\">\n\t\t\t\t\t\t\t\t\t\n<h2 class=\"wp-block-heading\">B\u00e9rang\u00e8re Daguz\u00e9<\/h2>\n\n<p><strong>Enseignante, Musicienne, Musicoth\u00e9rapeute.<\/strong><\/p>\n<p>\u00a0<\/p>\n\n<p>Multi-instrumentiste, je me suis int\u00e9ress\u00e9e \u00e0 la pratique instrumentale depuis mon adolescence. <br \/>J&rsquo;ai d\u2019abord pratiqu\u00e9 la musique traditionnelle africaine, puis la musique du monde. <br \/>J\u2019ai ensuite \u00e9tudi\u00e9 le jazz \u00e0 l\u2019accord\u00e9on et pratiqu\u00e9 la batterie et l\u2019accord\u00e9on dans diff\u00e9rents groupes (chansons fran\u00e7aise, swing jazz, musique \u00e0 danser, rock, soul\/RnB).<\/p>\n<p>J\u2019ai \u00e9tudi\u00e9 la musicoth\u00e9rapie et obtenu le DU de musicoth\u00e9rapeute de l\u2019universit\u00e9 Paul Val\u00e9ry \u00e0 Montpellier en 2014. Puis j\u2019ai obtenue une licence en musicologie jazz et un master MEEF ( m\u00e9tier de l\u2019enseignement, de l\u2019\u00e9ducation et de la formation) ce qui m\u2019a ouvert sur l\u2019enseignement au sein des coll\u00e8ges.<\/p>\n\n<p>Ce site vous permettra d\u2019obtenir des informations sur les diff\u00e9rents projets que je propose. (cours de musique-ateliers de musicoth\u00e9rapie-stage-prestations musicales).<\/p>\n\n<p>Pour moi l\u2019\u00e9coute et la pratique musicale c\u2019est du bien \u00eatre, un l\u00e2cher prise, des rencontres, des \u00e9motions fortes, c\u2019est une fa\u00e7on de communiquer et d&rsquo;\u00eatre en relation.<br \/>La musique vient vous chercher l\u00e0 o\u00f9 vous ne l\u2019attendez pas. C\u2019est puissant, c\u2019est doux et c\u2019est lib\u00e9rateur!<\/p>\n\t\t\t\t\t\t\t\t<\/div>\n\t\t\t\t<\/div>\n\t\t<div class=\"elementor-element elementor-element-b3318a8 e-flex e-con-boxed e-con e-parent\" data-id=\"b3318a8\" data-element_type=\"container\">\n\t\t\t\t\t<div class=\"e-con-inner\">\n\t\t\t\t\t<\/div>\n\t\t\t\t<\/div>\n\t\t\t\t<\/div>\n\t\t","protected":false},"excerpt":{"rendered":"<p>B\u00e9rang\u00e8re Daguz\u00e9 Enseignante, Musicienne, Musicoth\u00e9rapeute. \u00a0 Multi-instrumentiste, je me suis int\u00e9ress\u00e9e \u00e0 la pratique instrumentale depuis mon adolescence. J&rsquo;ai d\u2019abord pratiqu\u00e9 la musique traditionnelle africaine, puis la musique du monde. J\u2019ai ensuite \u00e9tudi\u00e9 le jazz \u00e0 l\u2019accord\u00e9on et pratiqu\u00e9 la batterie et l\u2019accord\u00e9on dans diff\u00e9rents groupes (chansons fran\u00e7aise, swing jazz, musique \u00e0 danser, rock, soul\/RnB). [&hellip;]<\/p>\n","protected":false},"author":1,"featured_media":0,"parent":0,"menu_order":0,"comment_status":"closed","ping_status":"closed","template":"","meta":{"footnotes":""},"class_list":["post-288","page","type-page","status-publish","hentry"],"_links":{"self":[{"href":"https:\/\/berangere-musique.fr\/index.php\/wp-json\/wp\/v2\/pages\/288","targetHints":{"allow":["GET"]}}],"collection":[{"href":"https:\/\/berangere-musique.fr\/index.php\/wp-json\/wp\/v2\/pages"}],"about":[{"href":"https:\/\/berangere-musique.fr\/index.php\/wp-json\/wp\/v2\/types\/page"}],"author":[{"embeddable":true,"href":"https:\/\/berangere-musique.fr\/index.php\/wp-json\/wp\/v2\/users\/1"}],"replies":[{"embeddable":true,"href":"https:\/\/berangere-musique.fr\/index.php\/wp-json\/wp\/v2\/comments?post=288"}],"version-history":[{"count":59,"href":"https:\/\/berangere-musique.fr\/index.php\/wp-json\/wp\/v2\/pages\/288\/revisions"}],"predecessor-version":[{"id":771,"href":"https:\/\/berangere-musique.fr\/index.php\/wp-json\/wp\/v2\/pages\/288\/revisions\/771"}],"wp:attachment":[{"href":"https:\/\/berangere-musique.fr\/index.php\/wp-json\/wp\/v2\/media?parent=288"}],"curies":[{"name":"wp","href":"https:\/\/api.w.org\/{rel}","templated":true}]}}