{"id":236,"date":"2025-06-13T16:19:15","date_gmt":"2025-06-13T14:19:15","guid":{"rendered":"http:\/\/oqhyudr.cluster100.hosting.ovh.net\/?page_id=236"},"modified":"2025-08-14T10:05:45","modified_gmt":"2025-08-14T08:05:45","slug":"cours-de-musique-2","status":"publish","type":"page","link":"https:\/\/berangere-musique.fr\/index.php\/cours-de-musique-2\/","title":{"rendered":"Cours d&rsquo;accord\u00e9on"},"content":{"rendered":"\t\t<div data-elementor-type=\"wp-page\" data-elementor-id=\"236\" class=\"elementor elementor-236\">\n\t\t\t\t<div class=\"elementor-element elementor-element-57753aae e-con-full e-flex e-con e-parent\" data-id=\"57753aae\" data-element_type=\"container\">\n\t\t\t\t<div class=\"elementor-element elementor-element-e77f359 elementor-widget__width-initial elementor-widget elementor-widget-image\" data-id=\"e77f359\" data-element_type=\"widget\" data-widget_type=\"image.default\">\n\t\t\t\t\t\t\t\t\t\t\t\t\t\t\t<img fetchpriority=\"high\" decoding=\"async\" width=\"200\" height=\"300\" src=\"https:\/\/berangere-musique.fr\/wp-content\/uploads\/2025\/06\/photo-accordeon-moi-200x300.jpg\" class=\"attachment-medium size-medium wp-image-357\" alt=\"\" srcset=\"https:\/\/berangere-musique.fr\/wp-content\/uploads\/2025\/06\/photo-accordeon-moi-200x300.jpg 200w, https:\/\/berangere-musique.fr\/wp-content\/uploads\/2025\/06\/photo-accordeon-moi.jpg 400w\" sizes=\"(max-width: 200px) 100vw, 200px\" \/>\t\t\t\t\t\t\t\t\t\t\t\t\t\t\t<\/div>\n\t\t\t\t<div class=\"elementor-element elementor-element-1136a2e5 elementor-widget__width-initial elementor-widget elementor-widget-text-editor\" data-id=\"1136a2e5\" data-element_type=\"widget\" data-widget_type=\"text-editor.default\">\n\t\t\t\t\t\t\t\t\t<h1><span style=\"text-decoration: underline;\"><strong>Apprentissage de l&rsquo;accord\u00e9on Chromatique (basses standards) et diatonique.<\/strong><\/span><\/h1>\n<div><span style=\"text-decoration: underline;\"><strong>\u00a0<\/strong><\/span><\/div>\n<p><!-- \/wp:paragraph --><!-- wp:paragraph --><!-- \/wp:paragraph --><!-- wp:paragraph --><!-- \/wp:paragraph --><!-- wp:paragraph --><\/p>\n<p style=\"text-align: left;\"><span style=\"color: #000000;\">Les cours d&rsquo;accord\u00e9on s&rsquo;adressent \u00e0 tous et toutes. Il n&rsquo;y a pas d&rsquo;\u00e2ge pour commencer!<\/span><\/p>\n<p style=\"text-align: left;\"><span style=\"color: #000000;\">Les objectifs d&rsquo;apprentissages seront adapt\u00e9s \u00e0 chaque \u00e9l\u00e8ve.<\/span><\/p>\n<p style=\"text-align: left;\"><span style=\"color: #000000;\"><!-- \/wp:paragraph --><!-- wp:paragraph --><\/span><\/p>\n<p style=\"text-align: left;\"><span style=\"color: #000000;\">Les supports utilis\u00e9s sont vari\u00e9s.<\/span><\/p>\n<p style=\"text-align: left;\"><span style=\"color: #000000;\">Les principales m\u00e9thodes d&rsquo;apprentissages sont bas\u00e9es sur:<\/span><\/p>\n<p style=\"text-align: left;\"><span style=\"color: #000000;\"><!-- \/wp:paragraph --><!-- wp:paragraph --><\/span><\/p>\n<p style=\"text-align: left;\"><span style=\"color: #000000;\"><span style=\"text-decoration: underline;\">La transmission orale<\/span> qui consiste \u00e0 reproduire des phrases rythmiques et\/ou m\u00e9lodiques en \u00e9coutant d&rsquo;abord, puis en r\u00e9p\u00e9tant ensuite de mani\u00e8re \u00e0 m\u00e9moriser.<\/span><\/p>\n<p style=\"text-align: left;\"><span style=\"color: #000000;\"><!-- \/wp:paragraph --><!-- wp:paragraph --><\/span><\/p>\n<p style=\"text-align: left;\"><span style=\"color: #000000;\"><span style=\"text-decoration: underline;\">La transmission \u00e9crite<\/span> qui consiste \u00e0 apprendre \u00e0 lire une partition et \u00e0 l&rsquo; utiliser afin de jouer une pi\u00e8ce instrumentale de mani\u00e8re autonome. Des notions de solf\u00e8ge sont alors transmises pendant le cours de mani\u00e8re ludique.<\/span><\/p>\n<p style=\"text-align: left;\">&#8211; <span style=\"text-decoration: underline;\"><strong>R\u00e9pertoires abord\u00e9s<\/strong><\/span>: musique du monde, swing jazz, musiques traditionnelles, musique klezmer.<\/p>\n<p>\u00a0<\/p>\n<ul>\n<li style=\"text-align: left;\"><span style=\"text-decoration: underline;\"><strong>Tarifs<\/strong><\/span>:<\/li>\n<li style=\"text-align: left;\">1 h \/ 30 euros.<\/li>\n<li style=\"text-align: left;\">30 min \/15 euros.<\/li>\n<li style=\"text-align: left;\">10 s\u00e9ances d&rsquo;une heure pour 265 euros.<\/li>\n<li style=\"text-align: left;\">Stages tout au long de l&rsquo;ann\u00e9e scolaire.<\/li>\n<\/ul>\n<p><span style=\"color: #333333;\"><!-- \/wp:paragraph --><!-- wp:paragraph --><\/span><\/p>\n<p>\u00a0<\/p>\n<p><!-- \/wp:paragraph --><\/p>\t\t\t\t\t\t\t\t<\/div>\n\t\t\t\t<div class=\"elementor-element elementor-element-240e41a elementor-widget elementor-widget-image\" data-id=\"240e41a\" data-element_type=\"widget\" data-widget_type=\"image.default\">\n\t\t\t\t\t\t\t\t\t\t\t\t<figure class=\"wp-caption\">\n\t\t\t\t\t\t\t\t\t\t<img decoding=\"async\" width=\"225\" height=\"300\" src=\"https:\/\/berangere-musique.fr\/wp-content\/uploads\/2025\/08\/marion-accordeon-225x300.jpg\" class=\"attachment-medium size-medium wp-image-706\" alt=\"\" srcset=\"https:\/\/berangere-musique.fr\/wp-content\/uploads\/2025\/08\/marion-accordeon-225x300.jpg 225w, https:\/\/berangere-musique.fr\/wp-content\/uploads\/2025\/08\/marion-accordeon-768x1024.jpg 768w, https:\/\/berangere-musique.fr\/wp-content\/uploads\/2025\/08\/marion-accordeon-1152x1536.jpg 1152w, https:\/\/berangere-musique.fr\/wp-content\/uploads\/2025\/08\/marion-accordeon-1536x2048.jpg 1536w, https:\/\/berangere-musique.fr\/wp-content\/uploads\/2025\/08\/marion-accordeon-scaled.jpg 1920w\" sizes=\"(max-width: 225px) 100vw, 225px\" \/>\t\t\t\t\t\t\t\t\t\t\t<figcaption class=\"widget-image-caption wp-caption-text\">Cours d'accord\u00e9on diatonique avec Marion 5 ans<\/figcaption>\n\t\t\t\t\t\t\t\t\t\t<\/figure>\n\t\t\t\t\t\t\t\t\t<\/div>\n\t\t\t\t<\/div>\n\t\t\t\t<\/div>\n\t\t","protected":false},"excerpt":{"rendered":"<p>Apprentissage de l&rsquo;accord\u00e9on Chromatique (basses standards) et diatonique. \u00a0 Les cours d&rsquo;accord\u00e9on s&rsquo;adressent \u00e0 tous et toutes. Il n&rsquo;y a pas d&rsquo;\u00e2ge pour commencer! Les objectifs d&rsquo;apprentissages seront adapt\u00e9s \u00e0 chaque \u00e9l\u00e8ve. Les supports utilis\u00e9s sont vari\u00e9s. Les principales m\u00e9thodes d&rsquo;apprentissages sont bas\u00e9es sur: La transmission orale qui consiste \u00e0 reproduire des phrases rythmiques et\/ou [&hellip;]<\/p>\n","protected":false},"author":1,"featured_media":0,"parent":0,"menu_order":0,"comment_status":"closed","ping_status":"closed","template":"","meta":{"footnotes":""},"class_list":["post-236","page","type-page","status-publish","hentry"],"_links":{"self":[{"href":"https:\/\/berangere-musique.fr\/index.php\/wp-json\/wp\/v2\/pages\/236","targetHints":{"allow":["GET"]}}],"collection":[{"href":"https:\/\/berangere-musique.fr\/index.php\/wp-json\/wp\/v2\/pages"}],"about":[{"href":"https:\/\/berangere-musique.fr\/index.php\/wp-json\/wp\/v2\/types\/page"}],"author":[{"embeddable":true,"href":"https:\/\/berangere-musique.fr\/index.php\/wp-json\/wp\/v2\/users\/1"}],"replies":[{"embeddable":true,"href":"https:\/\/berangere-musique.fr\/index.php\/wp-json\/wp\/v2\/comments?post=236"}],"version-history":[{"count":42,"href":"https:\/\/berangere-musique.fr\/index.php\/wp-json\/wp\/v2\/pages\/236\/revisions"}],"predecessor-version":[{"id":765,"href":"https:\/\/berangere-musique.fr\/index.php\/wp-json\/wp\/v2\/pages\/236\/revisions\/765"}],"wp:attachment":[{"href":"https:\/\/berangere-musique.fr\/index.php\/wp-json\/wp\/v2\/media?parent=236"}],"curies":[{"name":"wp","href":"https:\/\/api.w.org\/{rel}","templated":true}]}}