{"id":158,"date":"2025-06-13T14:41:11","date_gmt":"2025-06-13T12:41:11","guid":{"rendered":"http:\/\/oqhyudr.cluster100.hosting.ovh.net\/?page_id=158"},"modified":"2026-01-07T08:07:39","modified_gmt":"2026-01-07T07:07:39","slug":"mao-a-lecole-musiques","status":"publish","type":"page","link":"https:\/\/berangere-musique.fr\/index.php\/mao-a-lecole-musiques\/","title":{"rendered":"MAO en milieu scolaire"},"content":{"rendered":"\t\t<div data-elementor-type=\"wp-page\" data-elementor-id=\"158\" class=\"elementor elementor-158\">\n\t\t\t\t<div class=\"elementor-element elementor-element-3bba4d2a e-con-full e-flex e-con e-parent\" data-id=\"3bba4d2a\" data-element_type=\"container\">\n\t\t\t\t<div class=\"elementor-element elementor-element-6dcb14a7 elementor-widget elementor-widget-text-editor\" data-id=\"6dcb14a7\" data-element_type=\"widget\" data-widget_type=\"text-editor.default\">\n\t\t\t\t\t\t\t\t\t<p>\u00a0<\/p>\n<figure class=\"wp-block-image size-full\"><span style=\"color: #000000;\"><img fetchpriority=\"high\" decoding=\"async\" class=\"wp-image-594 alignright\" src=\"http:\/\/oqhyudr.cluster100.hosting.ovh.net\/wp-content\/uploads\/2025\/07\/photo-classe-.jpg\" alt=\"\" width=\"335\" height=\"210\" \/><\/span><\/figure>\n<h2 class=\"has-black-color has-text-color has-link-color\"><span style=\"color: #000000;\">\u00a0Projet p\u00e9dagogique<br \/><\/span><\/h2>\n<h4>D\u00e9couverte de la cr\u00e9ation musicale avec Ableton Live<\/h4>\n<p>Je propose un projet p\u00e9dagogique de d\u00e9couverte de la cr\u00e9ation musicale assist\u00e9e par ordinateur (MAO) \u00e0 destination des \u00e9l\u00e8ves de coll\u00e8ge, bas\u00e9 sur l&rsquo;utilisation du logiciel Ableton Live et sa version gratuite accessible directement sur le site internet depuis un ordinateur.<\/p>\n<h5>Objectifs p\u00e9dagogique<\/h5>\n<p>A travers des ateliers pratiques et interactifs, les \u00e9l\u00e8ves sont amen\u00e9s \u00e0 :<\/p>\n<ul>\n<li>d\u00e9couvrir les bases de la cr\u00e9ation musicale num\u00e9rique<\/li>\n<li>comprendre les notions fondamentales de rythme, de structure et d&rsquo;organisation sonore,<\/li>\n<li>exp\u00e9rimenter la composition \u00e0 partir de boucles, de samples et de sons enregistr\u00e9s,<\/li>\n<li>d\u00e9veloper l&rsquo;\u00e9coute, la coop\u00e9ration et la confiance en soi,<\/li>\n<li>valoriser la cr\u00e9ativit\u00e9 individuelle et collective.<\/li>\n<\/ul>\n<p>Le projet favorise l&rsquo;engagement actif des \u00e9l\u00e8ves et encourage une approche ludique et inclusive de la musique, en lien avec les outils num\u00e9rique actuels.<\/p>\n<h5>D\u00e9roulement des s\u00e9ances<\/h5>\n<p>Les s\u00e9ances sont con\u00e7ues sous forme d&rsquo;ateliers pratique en salle informatique, alternant temps d&rsquo;\u00e9coute, manipulation du logiciel, cr\u00e9ation collectives et \u00e9changes. Les \u00e9l\u00e8ves travaillent en groupe ou individuellement, selon les objectifs d\u00e9finis, et sont accompagn\u00e9s pas \u00e0 pas dans la d\u00e9couverte d&rsquo;Ableton Live.<\/p>\n<h5>Cadre d&rsquo;intervention<\/h5>\n<p>Ce projet peut s&rsquo;inscrire dans:<\/p>\n<ul>\n<li>les cours d&rsquo;\u00e9ducation musicale,<\/li>\n<li>un EPI ou projet interdisciplinaire,<\/li>\n<li>le parcours d&rsquo;\u00e9ducation artistique et culturel (PEAC),<\/li>\n<li>des actions culturelles ou \u00e9ducatives sp\u00e9cifique,<\/li>\n<li>des dispositifs adapt\u00e9s \u00e0 des publics \u00e0 besoins particuliers.<\/li>\n<\/ul>\n<p>\u00a0<\/p>\n<p>Les contenus, la dur\u00e9e et le nombre de s\u00e9ances sont enti\u00e8rement adaptables en fonction des niveaux, des objectifs p\u00e9dagogiques et du contexte de l&rsquo;\u00e9tablissement.<\/p>\n<p><span style=\"color: #000000;\"><!-- \/wp:paragraph --><!-- wp:paragraph --><\/span><\/p>\n<p><span style=\"color: #000000;\">En version simplifi\u00e9 d&rsquo;Ableton je peux aussi proposer des s\u00e9ances de cr\u00e9ation musicale via le logiciel gratuit GARAGE BAND pr\u00e9sent sur les tablette apple.<\/span><\/p>\n<p><span style=\"color: #000000;\"><!-- \/wp:paragraph --><!-- wp:paragraph --><\/span><\/p>\n<p><span style=\"color: #000000;\"><!-- \/wp:paragraph --><!-- wp:file {\"id\":598,\"href\":\"http:\/\/oqhyudr.cluster100.hosting.ovh.net\/wp-content\/uploads\/2025\/07\/garage-band-musique-concrete-.pdf\",\"displayPreview\":true} --><\/span><\/p>\n<p><span style=\"color: #000000;\"><!-- \/wp:file --><!-- wp:file {\"id\":600,\"href\":\"http:\/\/oqhyudr.cluster100.hosting.ovh.net\/wp-content\/uploads\/2025\/07\/projet-de-creation-garage-band-M2.pdf\",\"displayPreview\":true} --><\/span><\/p>\n<p><span style=\"color: #000000;\"><!-- \/wp:file --><!-- wp:list --><\/span><\/p>\n<p><span style=\"color: #000000;\"><!-- \/wp:list --><!-- wp:paragraph --><\/span><\/p>\n<p><span style=\"color: #000000;\"><!-- \/wp:paragraph --><!-- wp:image {\"id\":594,\"sizeSlug\":\"full\",\"linkDestination\":\"none\"} --><\/span><span style=\"color: #000000;\"><!-- \/wp:image --><!-- wp:image {\"id\":590,\"sizeSlug\":\"full\",\"linkDestination\":\"none\"} --><\/span><\/p>\n<p><span style=\"color: #000000;\"><!-- \/wp:image --><!-- wp:file {\"id\":592,\"href\":\"http:\/\/oqhyudr.cluster100.hosting.ovh.net\/wp-content\/uploads\/2025\/07\/projet-ableton.pdf\",\"displayPreview\":true} --><\/span><\/p>\n<div class=\"wp-block-file\">\u00a0<\/div>\n<p><span style=\"color: #000000;\"><!-- \/wp:file --><\/span><\/p>\t\t\t\t\t\t\t\t<\/div>\n\t\t\t\t<\/div>\n\t\t\t\t<\/div>\n\t\t","protected":false},"excerpt":{"rendered":"<p>\u00a0 \u00a0Projet p\u00e9dagogique D\u00e9couverte de la cr\u00e9ation musicale avec Ableton Live Je propose un projet p\u00e9dagogique de d\u00e9couverte de la cr\u00e9ation musicale assist\u00e9e par ordinateur (MAO) \u00e0 destination des \u00e9l\u00e8ves de coll\u00e8ge, bas\u00e9 sur l&rsquo;utilisation du logiciel Ableton Live et sa version gratuite accessible directement sur le site internet depuis un ordinateur. Objectifs p\u00e9dagogique A [&hellip;]<\/p>\n","protected":false},"author":1,"featured_media":0,"parent":0,"menu_order":0,"comment_status":"closed","ping_status":"closed","template":"","meta":{"footnotes":""},"class_list":["post-158","page","type-page","status-publish","hentry"],"_links":{"self":[{"href":"https:\/\/berangere-musique.fr\/index.php\/wp-json\/wp\/v2\/pages\/158","targetHints":{"allow":["GET"]}}],"collection":[{"href":"https:\/\/berangere-musique.fr\/index.php\/wp-json\/wp\/v2\/pages"}],"about":[{"href":"https:\/\/berangere-musique.fr\/index.php\/wp-json\/wp\/v2\/types\/page"}],"author":[{"embeddable":true,"href":"https:\/\/berangere-musique.fr\/index.php\/wp-json\/wp\/v2\/users\/1"}],"replies":[{"embeddable":true,"href":"https:\/\/berangere-musique.fr\/index.php\/wp-json\/wp\/v2\/comments?post=158"}],"version-history":[{"count":34,"href":"https:\/\/berangere-musique.fr\/index.php\/wp-json\/wp\/v2\/pages\/158\/revisions"}],"predecessor-version":[{"id":797,"href":"https:\/\/berangere-musique.fr\/index.php\/wp-json\/wp\/v2\/pages\/158\/revisions\/797"}],"wp:attachment":[{"href":"https:\/\/berangere-musique.fr\/index.php\/wp-json\/wp\/v2\/media?parent=158"}],"curies":[{"name":"wp","href":"https:\/\/api.w.org\/{rel}","templated":true}]}}