{"id":152,"date":"2025-06-13T14:39:53","date_gmt":"2025-06-13T12:39:53","guid":{"rendered":"http:\/\/oqhyudr.cluster100.hosting.ovh.net\/?page_id=152"},"modified":"2025-07-27T19:23:15","modified_gmt":"2025-07-27T17:23:15","slug":"ateliers-musicotherapie","status":"publish","type":"page","link":"https:\/\/berangere-musique.fr\/index.php\/ateliers-musicotherapie\/","title":{"rendered":"Les ateliers de musicoth\u00e9rapie"},"content":{"rendered":"\t\t<div data-elementor-type=\"wp-page\" data-elementor-id=\"152\" class=\"elementor elementor-152\">\n\t\t\t\t<div class=\"elementor-element elementor-element-6e43dec0 e-flex e-con-boxed e-con e-parent\" data-id=\"6e43dec0\" data-element_type=\"container\">\n\t\t\t\t\t<div class=\"e-con-inner\">\n\t\t\t\t<div class=\"elementor-element elementor-element-18284ad5 elementor-widget elementor-widget-text-editor\" data-id=\"18284ad5\" data-element_type=\"widget\" data-widget_type=\"text-editor.default\">\n\t\t\t\t\t\t\t\t\t\n<div class=\"wp-block-buttons is-layout-flex wp-block-buttons-is-layout-flex\">\n<div class=\"wp-block-button\" style=\"text-align: right;\"><a class=\"wp-block-button__link wp-element-button\">Pour qui et pourquoi?<\/a><\/div>\n\n<div class=\"wp-block-button\"><a class=\"wp-block-button__link wp-element-button\">La musicoth\u00e9rapie s&rsquo;adresse \u00e0 toutes les personnes qui souhaitent am\u00e9liorer leur qualit\u00e9 de vie. Elle permet d&rsquo;am\u00e9liorer son mode de communication, d&rsquo;interaction, son attention, sa confiance, son estime de soi, sa cr\u00e9ativit\u00e9, sa m\u00e9moire, sa motricit\u00e9, sa motivation.<\/a><\/div>\n\n<div class=\"wp-block-button\"><a class=\"wp-block-button__link wp-element-button\">Voici les diff\u00e9rentes maladies ou pathologie concern\u00e9es: troubles anxieux, d\u00e9pressions, troubles dys, TSA, troubles bipolaires, schizophr\u00e9nie, Alzheimer, traumatis\u00e9s cr\u00e2niens, r\u00e9\u00e9ducation des fonctions motrices et cognitives.<\/a><\/div>\n<\/div>\n\n<p>Je travaille actuellement avec l&rsquo;association <em><strong>un pas vers toi<\/strong><\/em> qui accueil des enfants atteints de Troubles du spectre autistique et je pratique la musicoth\u00e9rapie dans mon cabinet \u00e0 Villeneuve tolosane.<\/p>\n<p>J&rsquo;ai a disposition un instrumentarium vari\u00e9 (piano, batterie, percussions, accord\u00e9on, guitare, basse&#8230;) et un poste de MAO (musique assist\u00e9 par ordinataur, me permettant\u00a0 de m&rsquo;adapter \u00e0 tous les go\u00fbts musicaux.<\/p>\n<p><span style=\"text-decoration: underline;\"><strong>Tarifs<\/strong><\/span>: varient en fonction de la prise en charge. (<span style=\"text-decoration: underline;\"><strong>60euros\/heure<\/strong><\/span>).<\/p>\n<p><img fetchpriority=\"high\" decoding=\"async\" class=\"size-medium wp-image-661 aligncenter\" src=\"http:\/\/oqhyudr.cluster100.hosting.ovh.net\/wp-content\/uploads\/2025\/07\/IMG_49541-300x225.jpg\" alt=\"\" width=\"300\" height=\"225\" srcset=\"https:\/\/berangere-musique.fr\/wp-content\/uploads\/2025\/07\/IMG_49541-300x225.jpg 300w, https:\/\/berangere-musique.fr\/wp-content\/uploads\/2025\/07\/IMG_49541-1024x768.jpg 1024w, https:\/\/berangere-musique.fr\/wp-content\/uploads\/2025\/07\/IMG_49541-768x576.jpg 768w, https:\/\/berangere-musique.fr\/wp-content\/uploads\/2025\/07\/IMG_49541-1536x1152.jpg 1536w, https:\/\/berangere-musique.fr\/wp-content\/uploads\/2025\/07\/IMG_49541-2048x1536.jpg 2048w\" sizes=\"(max-width: 300px) 100vw, 300px\" \/><\/p>\n<p><img decoding=\"async\" class=\"alignnone size-medium wp-image-660\" src=\"http:\/\/oqhyudr.cluster100.hosting.ovh.net\/wp-content\/uploads\/2025\/07\/IMG_49531-225x300.jpg\" alt=\"\" width=\"225\" height=\"300\" srcset=\"https:\/\/berangere-musique.fr\/wp-content\/uploads\/2025\/07\/IMG_49531-225x300.jpg 225w, https:\/\/berangere-musique.fr\/wp-content\/uploads\/2025\/07\/IMG_49531-768x1024.jpg 768w, https:\/\/berangere-musique.fr\/wp-content\/uploads\/2025\/07\/IMG_49531-1152x1536.jpg 1152w, https:\/\/berangere-musique.fr\/wp-content\/uploads\/2025\/07\/IMG_49531-1536x2048.jpg 1536w, https:\/\/berangere-musique.fr\/wp-content\/uploads\/2025\/07\/IMG_49531-scaled.jpg 1920w\" sizes=\"(max-width: 225px) 100vw, 225px\" \/><img decoding=\"async\" class=\"size-medium wp-image-659 aligncenter\" src=\"http:\/\/oqhyudr.cluster100.hosting.ovh.net\/wp-content\/uploads\/2025\/07\/IMG_49511-225x300.jpg\" alt=\"\" width=\"225\" height=\"300\" srcset=\"https:\/\/berangere-musique.fr\/wp-content\/uploads\/2025\/07\/IMG_49511-225x300.jpg 225w, https:\/\/berangere-musique.fr\/wp-content\/uploads\/2025\/07\/IMG_49511-768x1024.jpg 768w, https:\/\/berangere-musique.fr\/wp-content\/uploads\/2025\/07\/IMG_49511-1152x1536.jpg 1152w, https:\/\/berangere-musique.fr\/wp-content\/uploads\/2025\/07\/IMG_49511-1536x2048.jpg 1536w, https:\/\/berangere-musique.fr\/wp-content\/uploads\/2025\/07\/IMG_49511-scaled.jpg 1920w\" sizes=\"(max-width: 225px) 100vw, 225px\" \/><\/p>\n\n<pre class=\"wp-block-verse\">\u00a0<\/pre>\n\n<p>\u00a0<\/p>\n\n<p>\u00a0<\/p>\n\t\t\t\t\t\t\t\t<\/div>\n\t\t\t\t\t<\/div>\n\t\t\t\t<\/div>\n\t\t\t\t<\/div>\n\t\t","protected":false},"excerpt":{"rendered":"<p>Je travaille actuellement avec l&rsquo;association un pas vers toi qui accueil des enfants atteints de Troubles du spectre autistique et je pratique la musicoth\u00e9rapie dans mon cabinet \u00e0 Villeneuve tolosane. J&rsquo;ai a disposition un instrumentarium vari\u00e9 (piano, batterie, percussions, accord\u00e9on, guitare, basse&#8230;) et un poste de MAO (musique assist\u00e9 par ordinataur, me permettant&nbsp; de m&rsquo;adapter [&hellip;]<\/p>\n","protected":false},"author":1,"featured_media":0,"parent":0,"menu_order":0,"comment_status":"closed","ping_status":"closed","template":"","meta":{"footnotes":""},"class_list":["post-152","page","type-page","status-publish","hentry"],"_links":{"self":[{"href":"https:\/\/berangere-musique.fr\/index.php\/wp-json\/wp\/v2\/pages\/152","targetHints":{"allow":["GET"]}}],"collection":[{"href":"https:\/\/berangere-musique.fr\/index.php\/wp-json\/wp\/v2\/pages"}],"about":[{"href":"https:\/\/berangere-musique.fr\/index.php\/wp-json\/wp\/v2\/types\/page"}],"author":[{"embeddable":true,"href":"https:\/\/berangere-musique.fr\/index.php\/wp-json\/wp\/v2\/users\/1"}],"replies":[{"embeddable":true,"href":"https:\/\/berangere-musique.fr\/index.php\/wp-json\/wp\/v2\/comments?post=152"}],"version-history":[{"count":29,"href":"https:\/\/berangere-musique.fr\/index.php\/wp-json\/wp\/v2\/pages\/152\/revisions"}],"predecessor-version":[{"id":684,"href":"https:\/\/berangere-musique.fr\/index.php\/wp-json\/wp\/v2\/pages\/152\/revisions\/684"}],"wp:attachment":[{"href":"https:\/\/berangere-musique.fr\/index.php\/wp-json\/wp\/v2\/media?parent=152"}],"curies":[{"name":"wp","href":"https:\/\/api.w.org\/{rel}","templated":true}]}}